{"id":52,"date":"2014-10-31T13:39:34","date_gmt":"2014-10-31T13:39:34","guid":{"rendered":"http:\/\/www.amtolo-video-productions.co.uk\/?page_id=52"},"modified":"2015-01-09T15:53:57","modified_gmt":"2015-01-09T15:53:57","slug":"home","status":"publish","type":"page","link":"https:\/\/www.miroslavmirkosimic.org\/","title":{"rendered":"Home"},"content":{"rendered":"<p>&nbsp;<\/p>\n<p style=\"text-align: center;\">\u00a0<a href=\"http:\/\/www.miroslavmirkosimic.org\/wp-content\/uploads\/2014\/10\/Photo-Mirko-Homepage.jpg\"><img loading=\"lazy\" decoding=\"async\" class=\"alignnone size-medium wp-image-127\" src=\"http:\/\/www.miroslavmirkosimic.org\/wp-content\/uploads\/2014\/10\/Photo-Mirko-Homepage-241x300.jpg\" alt=\"OLYMPUS DIGITAL CAMERA\" width=\"241\" height=\"300\" srcset=\"https:\/\/www.miroslavmirkosimic.org\/wp-content\/uploads\/2014\/10\/Photo-Mirko-Homepage-241x300.jpg 241w, https:\/\/www.miroslavmirkosimic.org\/wp-content\/uploads\/2014\/10\/Photo-Mirko-Homepage.jpg 370w\" sizes=\"auto, (max-width: 241px) 100vw, 241px\" \/><\/a><\/p>\n<p style=\"text-align: justify;\">Miroslav Mirko Simi\u0107 je bio dugogodi\u0161nji profesor beogradskog Medicinskog fakulteta. Kao mladi\u0107 bio je diverzant u akcijama protiv ma\u0111arske okupacije Vojvodine, pa zato\u010denik u ma\u0111arskim kazamatima, zatim logora\u0161 u Dahau-u, a po zavr\u0161etku Drugog svetskog rata Jugoslovenski obave\u0161tajac u Parizu, i kona\u010dno zato\u010denik pod istragom u komunisti\u010dkoj Glavnja\u010di. Zatim se posvetio univerzitetskoj karijeri i ostvario zapa\u017eena dostignu\u0107a u oblasti imunologije. Mirko Simi\u0107 je bio\u00a0 izabran 1983 godine za dopisnog \u010dlana SANU, ali je sredinom devedesetih godina, u retkom gestu otpora i neslaganja, podneo ostavku na \u010dlanstvo u SANU. Jer kako je obrazlo\u017eio, \u201cne \u017eelim da budem u dru\u0161tvu onih koje smatram \u00a0krivim za zlo\u010dine protiv mira i \u010dove\u010dnosti, jer su iznedrili Milo\u0161evi\u0107a i \u0161to su, zloupotrebiv\u0161i ugled SANU, raspame\u0107ivali srpski narod i podstrekivali ga da vodi prljav i besmislen rat\u201d.<\/p>\n","protected":false},"excerpt":{"rendered":"<p>&nbsp; \u00a0 Miroslav Mirko Simi\u0107 je bio dugogodi\u0161nji profesor beogradskog Medicinskog fakulteta. Kao mladi\u0107 bio je diverzant u akcijama protiv ma\u0111arske okupacije Vojvodine, pa zato\u010denik u ma\u0111arskim kazamatima, zatim logora\u0161 u Dahau-u, a po zavr\u0161etku Drugog svetskog rata Jugoslovenski obave\u0161tajac &hellip; <a href=\"https:\/\/www.miroslavmirkosimic.org\/\">Continue reading <span class=\"meta-nav\">&rarr;<\/span><\/a><\/p>\n","protected":false},"author":1,"featured_media":0,"parent":0,"menu_order":0,"comment_status":"closed","ping_status":"closed","template":"onecolumn-page.php","meta":{"footnotes":""},"class_list":["post-52","page","type-page","status-publish","hentry"],"_links":{"self":[{"href":"https:\/\/www.miroslavmirkosimic.org\/index.php?rest_route=\/wp\/v2\/pages\/52","targetHints":{"allow":["GET"]}}],"collection":[{"href":"https:\/\/www.miroslavmirkosimic.org\/index.php?rest_route=\/wp\/v2\/pages"}],"about":[{"href":"https:\/\/www.miroslavmirkosimic.org\/index.php?rest_route=\/wp\/v2\/types\/page"}],"author":[{"embeddable":true,"href":"https:\/\/www.miroslavmirkosimic.org\/index.php?rest_route=\/wp\/v2\/users\/1"}],"replies":[{"embeddable":true,"href":"https:\/\/www.miroslavmirkosimic.org\/index.php?rest_route=%2Fwp%2Fv2%2Fcomments&post=52"}],"version-history":[{"count":16,"href":"https:\/\/www.miroslavmirkosimic.org\/index.php?rest_route=\/wp\/v2\/pages\/52\/revisions"}],"predecessor-version":[{"id":241,"href":"https:\/\/www.miroslavmirkosimic.org\/index.php?rest_route=\/wp\/v2\/pages\/52\/revisions\/241"}],"wp:attachment":[{"href":"https:\/\/www.miroslavmirkosimic.org\/index.php?rest_route=%2Fwp%2Fv2%2Fmedia&parent=52"}],"curies":[{"name":"wp","href":"https:\/\/api.w.org\/{rel}","templated":true}]}}